{"id":57,"date":"2021-04-05T22:06:40","date_gmt":"2021-04-05T22:06:40","guid":{"rendered":"https:\/\/romanation.org\/?page_id=57"},"modified":"2022-04-19T18:33:18","modified_gmt":"2022-04-19T18:33:18","slug":"das-wichtigste","status":"publish","type":"page","link":"https:\/\/romanation.org\/?page_id=57","title":{"rendered":"Das Wichtigste"},"content":{"rendered":"\n<p><strong>Eine Initiative von Roma f\u00fcr Roma!<\/strong><\/p>\n\n\n\n<p>Initiator ist Marko D. Knudsen, der mit seinem gemeinn\u00fctzigen &#8222;Bildungsverein der Roma zu Hamburg e.V.&#8220; die Basis f\u00fcr Arbeit der RomaNation stellt. Er ist der Sohn des bekannten Roma B\u00fcrgerrechtler Rudko Kawczynski. Mit \u00fcber 30 Jahren Erfahrung in Bereich Antiziganismus, Geschichte der Roma, B\u00fcrgerrechte, Menschenrechte, Institutionen, Politik, Medien und dem Aufbau von Strukturen. Niemals wurde er f\u00fcr die politische Arbeit und  B\u00fcrgerrechts- und Menschenrechtsarbeit bezahlt. Alles war immer Ehrenamtlich und damit frei von dritt Interessen. Organisationen und Strukturen die Aktiv aufgebaut wurden: Rom und Cinti Union e.V., <a href=\"https:\/\/ezaf.org\">Europ\u00e4isches Zentrum f\u00fcr Antiziganismusforschung e.V.<\/a>, <a href=\"https:\/\/romaedu.org\">Bildungsverein der Roma zu Hamburg e.V.<\/a>, Roma National Congress, <a href=\"http:\/\/ertf.org\">European Roma and Travellers Forum<\/a>, <a href=\"https:\/\/osce.org\">Contact Group on Roma and Sinti Issue &#8211; Expert Group<\/a>, Terne Romengo Klubo, East meets West &#8211; Roma Youth Network oder das beraten von Rom und Sinti Akteuren. Seit 1993 Chefredakteur und CEO des <a href=\"https:\/\/rom.news\">Rom.News Networks<\/a>. <\/p>\n\n\n\n<p><strong>V\u00f6llig finanziell, politisch und technisch unabh\u00e4ngig!<\/strong><\/p>\n\n\n\n<p>Kommt mehr Arbeit, dann nur durch mehr Mitglieder oder Unterst\u00fctzer. Das hei\u00dft unsere Arbeitskraft steigt mit dem wachsenden System automatisch. Zuk\u00fcnftig sollen nicht Roma die M\u00f6glichkeit bekommen mit Arbeitskraft, Steigerung der Werbeeinnahmen, Spenden oder Unterst\u00fctzermitgliedschaften unsere Ziele Unterst\u00fctzen. <\/p>\n\n\n\n<p><strong>Was wir versprechen, k\u00f6nnen wir leisten! <\/strong><\/p>\n\n\n\n<p>#RomaNation nutzt ihn um uns zu etablieren.<\/p>\n\n\n\n<p><\/p>\n","protected":false},"excerpt":{"rendered":"<p>Eine Initiative von Roma f\u00fcr Roma! Initiator ist Marko D. Knudsen, der mit seinem gemeinn\u00fctzigen &#8222;Bildungsverein der Roma zu Hamburg e.V.&#8220; die Basis f\u00fcr Arbeit der RomaNation stellt. Er ist der Sohn des bekannten Roma B\u00fcrgerrechtler Rudko Kawczynski. Mit \u00fcber 30 Jahren Erfahrung in Bereich Antiziganismus, Geschichte der Roma, B\u00fcrgerrechte, Menschenrechte, Institutionen, Politik, Medien und\u2026 <span class=\"read-more\"><a href=\"https:\/\/romanation.org\/?page_id=57\">Weiterlesen &raquo;<\/a><\/span><\/p>\n","protected":false},"author":1,"featured_media":0,"parent":0,"menu_order":0,"comment_status":"closed","ping_status":"closed","template":"","meta":{"footnotes":""},"aioseo_notices":[],"_links":{"self":[{"href":"https:\/\/romanation.org\/index.php?rest_route=\/wp\/v2\/pages\/57"}],"collection":[{"href":"https:\/\/romanation.org\/index.php?rest_route=\/wp\/v2\/pages"}],"about":[{"href":"https:\/\/romanation.org\/index.php?rest_route=\/wp\/v2\/types\/page"}],"author":[{"embeddable":true,"href":"https:\/\/romanation.org\/index.php?rest_route=\/wp\/v2\/users\/1"}],"replies":[{"embeddable":true,"href":"https:\/\/romanation.org\/index.php?rest_route=%2Fwp%2Fv2%2Fcomments&post=57"}],"version-history":[{"count":8,"href":"https:\/\/romanation.org\/index.php?rest_route=\/wp\/v2\/pages\/57\/revisions"}],"predecessor-version":[{"id":164,"href":"https:\/\/romanation.org\/index.php?rest_route=\/wp\/v2\/pages\/57\/revisions\/164"}],"wp:attachment":[{"href":"https:\/\/romanation.org\/index.php?rest_route=%2Fwp%2Fv2%2Fmedia&parent=57"}],"curies":[{"name":"wp","href":"https:\/\/api.w.org\/{rel}","templated":true}]}}