{"id":15,"date":"2021-04-05T20:32:18","date_gmt":"2021-04-05T20:32:18","guid":{"rendered":"https:\/\/romanation.org\/?page_id=15"},"modified":"2022-04-16T21:45:27","modified_gmt":"2022-04-16T21:45:27","slug":"ziel","status":"publish","type":"page","link":"https:\/\/romanation.org\/?page_id=15","title":{"rendered":"Ziele"},"content":{"rendered":"\n<h1 class=\"wp-block-heading\"> Die RomaNation als Virtuell existierende Nation in allen ebenen der Gesellschaft zu etablieren. <\/h1>\n\n\n\n<h2 class=\"wp-block-heading\"> Defakto eine Situation erarbeiten, in der die RomaNation als Vertreter und Sprecher f\u00fcr die Transnationalen Roma nicht mehr zu ignorieren ist. <\/h2>\n\n\n\n<ul><li>Information der RomaNation Mitglieder und deren Unterst\u00fctzerInnen<\/li><li>Organisation und Strategiegische Planungen um Mitglied zu werden bei: <ul><li>Vereinten Nationen<\/li><li>Europ\u00e4ische Union<\/li><li>B\u00fcro f\u00fcr Sicherheit und Zusammenarbeit in Europa<\/li><li>B\u00fcro f\u00fcr demokratische Institutionen und Menschenrechte<\/li><li>Europarat<\/li><li>Rat der europ\u00e4ischen Regierungen<\/li><\/ul><\/li><li>Aufbau eigener Partei bzw. Kooperation mit Parteien<\/li><li>Vernetzung der Europ\u00e4ischen Roma Medien unter: European Roma Broadcasting Union (www.ERBU.org) <a href=\"https:\/\/app.livewebinar.com\/714-244-013\/f0c90c3d0f85c4f292e08aa3896ee9b9\">Gr\u00fcndung am 02. August 2021<\/a> <\/li><li>Vernetzung der Roma Sport Verb\u00e4nde<\/li><li>Vernetzung und Support der Roma Kulturtreibenden<\/li><li><em>Empowerment durch Kooperation mit Multiplikatoren und mehrsprachige Online Angebote<\/em>:<ul><li>Positive Identit\u00e4t st\u00e4rken<\/li><\/ul><ul><li>Antiziganismus erkennen, verstehen und begegnen<\/li><li>St\u00e4rkung der Frauen in der RomaNation. Auf Listenpl\u00e4tzen muss immer ein anderes Geschlecht folgen. <\/li><\/ul><ul><li>St\u00e4rkung uns Akzeptanz der LGBTQ+ Gemeinschaft. Der Mensch steht bei uns im Vordergrund.<\/li><li>Unterst\u00fctzung und Kooperation mit neuen oder gebrauchter Strukturen<\/li><li>Forderung der positiven Diskriminierung an die Mehrheitsbev\u00f6lkerung im Bereich Beruf und Bildung.<\/li><\/ul><\/li><\/ul>\n\n\n\n<p><strong>ZEHN JAHRE ZIEL<\/strong><\/p>\n\n\n\n<p><strong>Wenn dieses Ziel nicht erreicht wird, eine Virtuelle Online Demokratie f\u00fcr alle Roma zu verwirklichen, wird sich die Initiative RomaNation.org aufl\u00f6sen. Wenn in diesem Fall verm\u00f6gen existieren sollte, so wird dieses nach Entscheidung der aktiven Mitglieder an eine gemeinn\u00fctzige Organisation gespendet und RomaNation h\u00f6rt am 08. April 2030 auf zu existieren.  Unabh\u00e4ngig und Ehrlich, oder gar nicht!<\/strong> <strong>Dazu gebe ich euch mein Wort! <\/strong><\/p>\n\n\n\n<p class=\"has-text-align-right\"><em>Marko D. Knudsen \/ Initiator<\/em><\/p>\n","protected":false},"excerpt":{"rendered":"<p>Die RomaNation als Virtuell existierende Nation in allen ebenen der Gesellschaft zu etablieren. Defakto eine Situation erarbeiten, in der die RomaNation als Vertreter und Sprecher f\u00fcr die Transnationalen Roma nicht mehr zu ignorieren ist. Information der RomaNation Mitglieder und deren Unterst\u00fctzerInnen Organisation und Strategiegische Planungen um Mitglied zu werden bei: Vereinten Nationen Europ\u00e4ische Union B\u00fcro\u2026 <span class=\"read-more\"><a href=\"https:\/\/romanation.org\/?page_id=15\">Weiterlesen &raquo;<\/a><\/span><\/p>\n","protected":false},"author":1,"featured_media":0,"parent":0,"menu_order":0,"comment_status":"closed","ping_status":"closed","template":"","meta":{"footnotes":""},"aioseo_notices":[],"_links":{"self":[{"href":"https:\/\/romanation.org\/index.php?rest_route=\/wp\/v2\/pages\/15"}],"collection":[{"href":"https:\/\/romanation.org\/index.php?rest_route=\/wp\/v2\/pages"}],"about":[{"href":"https:\/\/romanation.org\/index.php?rest_route=\/wp\/v2\/types\/page"}],"author":[{"embeddable":true,"href":"https:\/\/romanation.org\/index.php?rest_route=\/wp\/v2\/users\/1"}],"replies":[{"embeddable":true,"href":"https:\/\/romanation.org\/index.php?rest_route=%2Fwp%2Fv2%2Fcomments&post=15"}],"version-history":[{"count":5,"href":"https:\/\/romanation.org\/index.php?rest_route=\/wp\/v2\/pages\/15\/revisions"}],"predecessor-version":[{"id":149,"href":"https:\/\/romanation.org\/index.php?rest_route=\/wp\/v2\/pages\/15\/revisions\/149"}],"wp:attachment":[{"href":"https:\/\/romanation.org\/index.php?rest_route=%2Fwp%2Fv2%2Fmedia&parent=15"}],"curies":[{"name":"wp","href":"https:\/\/api.w.org\/{rel}","templated":true}]}}