{"id":11,"date":"2021-04-05T20:32:18","date_gmt":"2021-04-05T20:32:18","guid":{"rendered":"https:\/\/romanation.org\/?page_id=11"},"modified":"2022-08-19T16:58:39","modified_gmt":"2022-08-19T16:58:39","slug":"zeitline","status":"publish","type":"page","link":"https:\/\/romanation.org\/?page_id=11","title":{"rendered":"Zeitline"},"content":{"rendered":"\n<p><strong>2021<\/strong><\/p>\n\n\n\n<ul><li><strong>16. Mai 2021: <\/strong>Gr\u00fcndung des Vereins (NGO) &#8222;RomaNation e.V.&#8220; &#8211; Verein wird Physisch in Hamburg von sieben Menschen (Mehrheitlich Roma gegr\u00fcndet. Mit dem klaren Ziel der Aufl\u00f6sung des Vereins nach fast 10 Jahren zum 08. April 2030, gegr\u00fcndet). Entweder es gibt ab sp\u00e4testens 08. April 2030 ein repr\u00e4sentatives direktes Online Demokratie System oder nichts. <\/li><\/ul>\n\n\n\n<p><a href=\"https:\/\/youtube.com\/romaeduorg\">YouTube<\/a><\/p>\n\n\n\n<p><a href=\"http:\/\/facebook.com\/romanation.org\">Facebook<\/a><\/p>\n\n\n\n<p><strong>2022<\/strong><\/p>\n\n\n\n<ul><li>Durch den Ukraine-Krieg sind wir fr\u00fcher Aktiv geworden.<\/li><\/ul>\n\n\n\n<ul><li><a href=\"https:\/\/youtu.be\/XR7lnhtOuHM\">Statement vom General Sekret\u00e4r und Forderungen zum Schutz der ukrainischen Roma<\/a> (In englischer Sprache mit viele Untertitel) <a href=\"https:\/\/youtu.be\/6R_viVtlpNI\">Romanes<\/a><\/li><\/ul>\n\n\n\n<ul><li><a href=\"https:\/\/urlm.romaedu.org\/aktion\/campaign-1-letter-to-embassys-coe-un\/\">Brief an die Verantwortlichen zum Schutz der gefl\u00fcchteten Roma<\/a> <\/li><\/ul>\n\n\n\n<ul><li><a href=\"https:\/\/youtu.be\/JY9jkEZDknA\">Online Fachgespr\u00e4ch in Romanes zu Ukraine und Roma: &#8222;Was war, was ist und was wird sein&#8230;&#8220;<\/a> nur in Romanes<\/li><\/ul>\n\n\n\n<figure class=\"wp-block-embed is-type-video is-provider-youtube wp-block-embed-youtube wp-embed-aspect-16-9 wp-has-aspect-ratio\"><div class=\"wp-block-embed__wrapper\">\n<iframe loading=\"lazy\" title=\"Romanes: &quot;Ukraine Roma - So sas, so si thaj so avela&quot;\" width=\"665\" height=\"374\" src=\"https:\/\/www.youtube.com\/embed\/JY9jkEZDknA?feature=oembed\" frameborder=\"0\" allow=\"accelerometer; autoplay; clipboard-write; encrypted-media; gyroscope; picture-in-picture\" allowfullscreen title=\"Romanes: \"Ukraine Roma - So sas, so si thaj so avela\"\"><\/iframe>\n<\/div><\/figure>\n\n\n\n<ul><li>Registrierung folgender Domains RomaNation.Party, RomaNation.eu, RomaNation.Info, RomaNation.de, RomaNation.biz and RomaNation.Army.<\/li><li>Unterst\u00fctzung Spendenaktion einer K\u00fcnstlerin, zugunsten der ukrainischen Roma.<\/li><\/ul>\n\n\n\n<h2 class=\"wp-block-heading\">20. Mai 2022 Gr\u00fcndung der RomaNation Partei beginnend in Hamburg \/ Deutschland \/ EU. Lokal, National und Europa.<\/h2>\n\n\n\n<p>01. Juni Start der <a href=\"http:\/\/www.romanation.party\">RomaNation.Party<\/a> Website. Mitglied werden in der Partei und eigene unter Strukturen Europa weit gr\u00fcnden. <\/p>\n\n\n\n<p><strong>01. Juni &#8211; 01. August <\/strong><\/p>\n\n\n\n<ul><li>Satzung der Partei.<\/li><li>Gr\u00fcndung und Wahlen der Vorst\u00e4nde, auf verschiedenen Ebenen.<\/li><li>Was die Mitglieder wollen<\/li><\/ul>\n\n\n\n<p>Wie? <\/p>\n\n\n\n<ul><li>In Online Veranstaltungen mit bis zu 200 Teilnehmern und in Deutscher (National), English (EU) und Romanes\/Romani. Anfragen an RomaNation@online.ms <\/li><li>Diskussionsforen (es kann nur  Diskussionsforen geben wo sich Menschen finden die die Sprache Lesen und Schreiben k\u00f6nnen).  Angebote bitte hierhin. Empf\u00e4nger kann Deu, Eng, Rom (RomaNation@online.ms)<\/li><\/ul>\n\n\n\n<h2 class=\"wp-block-heading\">30. Juli &#8211; Anschreiben an die Verantwortlichen Gremien wegen TLC und ihre Gypsy Problematik.<\/h2>\n\n\n\n<p>Aktion: <a href=\"https:\/\/romaedu.org\/tlcgypsy\" data-type=\"URL\" data-id=\"https:\/\/romaedu.org\/tlcgypsy\">https:\/\/romaedu.org\/tlcgypsy<\/a><\/p>\n\n\n\n<p><strong>Mittlerweile haben wir diese Kampagne gestoppt und somit gewonnen. Als Nebenergebnis haben wir auch noch die Ausstrahlung von &#8222;My Big Fat Gypsy Wedding&#8220; gestoppt.<\/strong><\/p>\n\n\n\n<h2 class=\"wp-block-heading\">4. August &#8211; Romanes, English, Deutsch: <em><strong>Update<\/strong> <\/em><a rel=\"noreferrer noopener\" href=\"https:\/\/l.facebook.com\/l.php?u=http%3A%2F%2FRomaNation.org%2F%3Ffbclid%3DIwAR1-e79ZhyvmLC5HnTpTgc9NG_jVOnbKRLu8TPTZmS10ADVkN0aUrDxEraw&amp;h=AT13EIniDauM59ttobHrxvZaCGT3e7ur8XKhMijT5dudMcKWXKpl-MDI1k3LDDfXp9sIFLs412-fchcTnaUgR_Ia7x8OviWwzQntEieaBkVZXyUI0ShwmroSuqmKNzuNmcCgk8lMEf2hhsBXJA&amp;__tn__=-UK-R&amp;c[0]=AT2j5ad-2YMGUKWtoTRRrhs70NSI36hzmjn2xZIKlWvGdJhVxLuX5kKsxZxttouktL2NX0UdDM09VxIcd7dWU3zR0NGzGfOze7-rNjONsWoqWJzIFNs1k1BUuZsjCrZ0lF4kEssOQzle8oT0GnPnv2pnAmNqmbZUYoz9wFT1tf7TKVvoJVz6hnBBca5vnhLWWyJf9dP9aNY37GAL6PU\" target=\"_blank\">RomaNation.org<\/a> &amp; <a href=\"http:\/\/www.romanation.party\">RomaNation.party<\/a> &#8211; Fifa, Unfall, European Commission, DIN, ISO, Olympia Commitee, Google, YouTube &amp; Facebook.<\/h2>\n\n\n\n<figure class=\"wp-block-embed is-type-video is-provider-youtube wp-block-embed-youtube wp-embed-aspect-16-9 wp-has-aspect-ratio\"><div class=\"wp-block-embed__wrapper\">\n<iframe loading=\"lazy\" title=\"Romanes, English, Deutsch: RomaNation.org &amp; RomaNation.party\" width=\"665\" height=\"374\" src=\"https:\/\/www.youtube.com\/embed\/TbP3dfxONuE?feature=oembed\" frameborder=\"0\" allow=\"accelerometer; autoplay; clipboard-write; encrypted-media; gyroscope; picture-in-picture\" allowfullscreen><\/iframe>\n<\/div><\/figure>\n\n\n\n<p><strong>Im Auftrag von <a rel=\"noreferrer noopener\" href=\"http:\/\/www.romanation.org\/?fbclid=IwAR3CrRmpPfcF-ohupdMWhFy6PccsbHHnwtqLStlp0bp5CFH4WPs6fAHmSo4\" target=\"_blank\">www.RomaNation.org<\/a> Briefe an: <\/strong><\/p>\n\n\n\n<p>European Commission<\/p>\n\n\n\n<p>Olympic Committee<\/p>\n\n\n\n<p>European Broadcasting Union<\/p>\n\n\n\n<p>Google<\/p>\n\n\n\n<p>YouTube<br>Facebook<\/p>\n\n\n\n<p>International Organization for Stardisation<\/p>\n\n\n\n<p>FIFA<\/p>\n\n\n\n<p>UEFA<\/p>\n\n\n\n<p>DIN e.V.<\/p>\n\n\n\n<figure class=\"wp-block-image size-large\"><img decoding=\"async\" loading=\"lazy\" width=\"764\" height=\"1024\" src=\"https:\/\/romanation.org\/wp-content\/uploads\/2022\/08\/296751559_477876791014108_7203166273411727562_n1-764x1024.jpg\" alt=\"\" class=\"wp-image-352\" srcset=\"https:\/\/romanation.org\/wp-content\/uploads\/2022\/08\/296751559_477876791014108_7203166273411727562_n1-764x1024.jpg 764w, https:\/\/romanation.org\/wp-content\/uploads\/2022\/08\/296751559_477876791014108_7203166273411727562_n1-224x300.jpg 224w, https:\/\/romanation.org\/wp-content\/uploads\/2022\/08\/296751559_477876791014108_7203166273411727562_n1-768x1029.jpg 768w, https:\/\/romanation.org\/wp-content\/uploads\/2022\/08\/296751559_477876791014108_7203166273411727562_n1-1146x1536.jpg 1146w, https:\/\/romanation.org\/wp-content\/uploads\/2022\/08\/296751559_477876791014108_7203166273411727562_n1-660x884.jpg 660w, https:\/\/romanation.org\/wp-content\/uploads\/2022\/08\/296751559_477876791014108_7203166273411727562_n1.jpg 1504w\" sizes=\"(max-width: 764px) 100vw, 764px\" \/><\/figure>\n\n\n\n<h2 class=\"wp-block-heading\">5. August &#8211; Sieg gegen TLC und discovery. &#8222;My Big Fat Gypsy Wedding&#8220; abgesetzt wie auch die antiziganistische LGBTQ+ Werbekampagne gestoppt.<\/h2>\n\n\n\n<figure class=\"wp-block-embed is-type-video is-provider-youtube wp-block-embed-youtube wp-embed-aspect-16-9 wp-has-aspect-ratio\"><div class=\"wp-block-embed__wrapper\">\n<iframe loading=\"lazy\" title=\"Sieg gegen TLC und discovery. &quot;my big fat gypsy Wedding&quot; abgesetzt wie auch die antiziganistische\" width=\"665\" height=\"374\" src=\"https:\/\/www.youtube.com\/embed\/uSoLUYtqFaY?feature=oembed\" frameborder=\"0\" allow=\"accelerometer; autoplay; clipboard-write; encrypted-media; gyroscope; picture-in-picture\" allowfullscreen title=\"Sieg gegen TLC und discovery. \"my big fat gypsy Wedding\" abgesetzt wie auch die antiziganistische\"><\/iframe>\n<\/div><\/figure>\n\n\n\n<h2 class=\"wp-block-heading\">11. August &#8211; Eben bei YouTube beantragt die Sprache der Roma das &#8222;Romanes&#8220; als Auswahlm\u00f6glichkeit einzurichten.<\/h2>\n\n\n\n<h2 class=\"wp-block-heading\">14. August &#8211; Antiziganismus in Schweden auf dem Vormarsch.<\/h2>\n\n\n\n<p>Info Video mit 49 Untertiteln: <a href=\"https:\/\/youtu.be\/8G2WwZhVbl8?fbclid=IwAR0B4UnMg6YZelM2byqMqHxOcbJZx1R0DamuZN4NglofPdhhcfsR1j3_o4g\" rel=\"noreferrer noopener\" target=\"_blank\">https:\/\/youtu.be\/8G2WwZhVbl8<\/a><\/p>\n\n\n\n<p>Antiziganismus in Schweden auf dem Vormarsch.<\/p>\n\n\n\n<p>Ein tragischer Familienkonflikt, der nichts mit der Kultur oder den Traditionen der Roma zu tun hatte, wird missbraucht, um den Antiziganismus\/Antizigenarismus in Schweden zu n\u00e4hren. Zwei Br\u00fcder \u00fcberfuhren ihre Mutter und ihren Liebhaber. Dieses Verhalten hat rein gar nichts mit der Roma-Kultur der \u201eRomanipe\u201c oder dem Roma-Familien-\/Sozialgericht der Roma der \u201eKriss\u201c zu tun. Aber derzeit verfolgen mehrere Zeitungen und \u00f6ffentliche Institutionen den Weg, der Minderheit der Roma die Schuld zu geben und ihre Kultur f\u00fcr die tragischen Familienereignisse zu ber\u00fccksichtigen. Mehrere schwedische Roma-F\u00fchrer versuchen, die Fakten richtig zu stellen, aber die Mehrheitsbev\u00f6lkerung wird mit antiziganistischen Vorurteilen und Diskriminierung der Roma gef\u00fcttert. Die verantwortlichen Hasser reproduzieren das traditionelle Feindbild gegen\u00fcber den Roma. Dieser Weg ist sehr gef\u00e4hrlich, weil er den traditionellen \u201eemotionalen\u201c Antiziganismus n\u00e4hrt.<\/p>\n\n\n\n<p>Defacto f\u00fchrt und produziert dies den historischen Antiziganismus und die Entmenschlichung der Roma. Die RomaNation verurteilt zusammen mit ihrem professionellen Partner, dem Europ\u00e4ischen Zentrum f\u00fcr Antiziganismus, die Berichte und den Umgang mit diesem antiziganistischen Fall, der von den schwedischen Medien und fast allen politischen Parteien in Schweden toleriert und aufgeheizt wird. Die RomaNation wird gegen diese Entwicklung protestieren und nicht schweigen. Wir werden bei folgenden Institutionen Bericht erstatten und protestieren:<\/p>\n\n\n\n<p>&#8211; B\u00fcro f\u00fcr Sicherheit und Zusammenarbeit in Europa<\/p>\n\n\n\n<p>&#8211; B\u00fcro f\u00fcr demokratische Institutionen und Menschenrechte<\/p>\n\n\n\n<p>&#8211; Kontaktstelle f\u00fcr Roma- und Sinti-Fragen<\/p>\n\n\n\n<p>&#8211; Europ\u00e4ische Kommission gegen Rassismus und Intoleranz<\/p>\n\n\n\n<p>&#8211; Schwarzbuch \u00fcber Rassismus in Europa des Europarates<\/p>\n\n\n\n<p>&#8211; Grundrechte Agentur der Europ\u00e4ischen Union<\/p>\n\n\n\n<p>\u2013 Europ\u00e4isches Netzwerk gegen Rassismus \u2013 Vereinte Nation<\/p>\n\n\n\n<p><a href=\"https:\/\/l.facebook.com\/l.php?u=http%3A%2F%2Fwww.RomaNation.org%2F%3Ffbclid%3DIwAR0jV2OekCWlLvWuLbH5FfP90b1GqH4gtV2o8OchTDErgZDaBzPidqjkvzc&amp;h=AT1lcfmdwr90ZmFLNFkAf81Ev1FoWlmuSZDk_a82OgL7LyjaSzcpnWCwK9wYfRH4e90iVwrBLu4jjb3po3eIkuyzTukrc8AbmY1zJqzso_jnFqIr_FZzICIdiNVy79dl2rhXWh9D2zOsTsTZEg&amp;__tn__=-UK-R&amp;c[0]=AT1kFM1jomFK4hPXjE-upMc8Bnm2bWFn3TMr02v-V7vvhgltXIYPnrIgntgWRtMxhYakasRmSQ31beEbcRHPcY4LWxFeqFbiaVZNue-d7LyKv1pD4AINbe3maZIQEyR4MdhyEPzXOYz2uhGeYugOCK1XLwh-UNfZtJy-Jp5JKh4eQrTzIXlrHpx-SyzArJXX2q0xzxIQ\" rel=\"noreferrer noopener\" target=\"_blank\">www.RomaNation.org<\/a><\/p>\n\n\n\n<p><a href=\"https:\/\/www.facebook.com\/RomaNation.org\/?__cft__[0]=AZWOKwGqlyTof0SchvL9ncrUDXU9ajdFPOb430qjb99D6R1t6C2AnOw2Xxu-w-aNMkVa2R40HoM2qRRpcIDwfm5_DTitQ3901IzuYfo12zpPzVX72Vg0k_9_qioaBVCu8TlfKlquVlnbApJukqX0CvIMldMw37KsisijEP6XNCtbpw&amp;__tn__=kK-R\">RomaNation www.RomaNation.org<\/a>, <a href=\"https:\/\/www.facebook.com\/gregor.kwiek?__cft__[0]=AZWOKwGqlyTof0SchvL9ncrUDXU9ajdFPOb430qjb99D6R1t6C2AnOw2Xxu-w-aNMkVa2R40HoM2qRRpcIDwfm5_DTitQ3901IzuYfo12zpPzVX72Vg0k_9_qioaBVCu8TlfKlquVlnbApJukqX0CvIMldMw37KsisijEP6XNCtbpw&amp;__tn__=-]K-R\">Gregor Dufunia Kwiek<\/a>, <a href=\"https:\/\/www.facebook.com\/MarkoDavidKnudsen?__cft__[0]=AZWOKwGqlyTof0SchvL9ncrUDXU9ajdFPOb430qjb99D6R1t6C2AnOw2Xxu-w-aNMkVa2R40HoM2qRRpcIDwfm5_DTitQ3901IzuYfo12zpPzVX72Vg0k_9_qioaBVCu8TlfKlquVlnbApJukqX0CvIMldMw37KsisijEP6XNCtbpw&amp;__tn__=-]K-R\">Marko D. Knudsen<\/a>.<\/p>\n\n\n\n<div class=\"wp-block-file\"><object class=\"wp-block-file__embed\" data=\"https:\/\/romanation.org\/wp-content\/uploads\/2022\/08\/Statement-RN-Sweden.pdf\" type=\"application\/pdf\" style=\"width:100%;height:600px\" aria-label=\"Einbettung von Einbettung von Statement-RN-Sweden..\"><\/object><a id=\"wp-block-file--media-654873b7-29bb-45b7-838c-05edef40e70b\" href=\"https:\/\/romanation.org\/wp-content\/uploads\/2022\/08\/Statement-RN-Sweden.pdf\">Statement-RN-Sweden<\/a><a href=\"https:\/\/romanation.org\/wp-content\/uploads\/2022\/08\/Statement-RN-Sweden.pdf\" class=\"wp-block-file__button\" download aria-describedby=\"wp-block-file--media-654873b7-29bb-45b7-838c-05edef40e70b\">Herunterladen<\/a><\/div>\n\n\n\n<h3 class=\"wp-block-heading\">Hintergrund Informationen aus Schweden in Englisch mit 49 Untertitel Sprachen.<\/h3>\n\n\n\n<figure class=\"wp-block-embed is-type-video is-provider-youtube wp-block-embed-youtube wp-embed-aspect-16-9 wp-has-aspect-ratio\"><div class=\"wp-block-embed__wrapper\">\n<iframe loading=\"lazy\" title=\"Antiziganismus in Schweden\" width=\"665\" height=\"374\" src=\"https:\/\/www.youtube.com\/embed\/8G2WwZhVbl8?feature=oembed\" frameborder=\"0\" allow=\"accelerometer; autoplay; clipboard-write; encrypted-media; gyroscope; picture-in-picture\" allowfullscreen><\/iframe>\n<\/div><\/figure>\n\n\n\n<h2 class=\"wp-block-heading\">14. August &#8211; Nein zu Kultureller Aneignung in Hamburg-Barmbek<\/h2>\n\n\n\n<p>14.08.2022 <\/p>\n\n\n\n<p><strong>Aufruf und Presseerkl\u00e4rung <\/strong><\/p>\n\n\n\n<p>Kundgebung am 20.08.2022 um 19:30 Uhr. Bert-Kaempfert-Platz, Hamburg-Barmbek. <a href=\"https:\/\/fb.me\/e\/2ELoTXtTo\">https:\/\/fb.me\/e\/2ELoTXtTo<\/a> <\/p>\n\n\n\n<p><strong>Nein zu kultureller Aneignung von Sinti &amp; Roma Musik in Hamburg Barmbek<\/strong> <\/p>\n\n\n\n<p>Am 20. August soll auf der Veranstaltung \u201eBarmbek Schwingt\u201c um 19:30 Uhr eine Gruppe mit dem Namen \u201eDjangonauten\u201c auftreten. Dieses ist ein klarer Fall von kultureller Aneignung und der Verh\u00f6hnung der Sinti Jazz-Swing Legende Django Reinhardt.<\/p>\n\n\n\n<p>Erstens sollte es 2022 nicht passieren, dass kulturelle Aneignung durch die Mehrheitsgesellschaft durchgef\u00fchrt und gefeiert wird. Dieser Musikstil des Sinti Jazz-Swings ist Teil der Kultur der anerkannter Deutschen Minderheit der Sinti und Roma. Und hier nicht die Angeh\u00f6rige des Volkes davon finanziell profitieren. <\/p>\n\n\n\n<p>Zweitens war Django Reinhardt ein Sinto, der vor der Verfolgung mit dem Ziel der Vernichtung durch den Holocaust nach Paris fl\u00fcchtete um sein und das Leben seiner Familie zu retten. Viel dieses Leidensweges und der Aufarbeitung des Holocaust findet sich als Wurzel dieses Musikstils wieder. Umso besch\u00e4mender ist es f\u00fcr alle Beteiligten dieses Veranstaltungsprogramms, dass hier so unsensibel zu einer Spa\u00dfveranstaltung eingeladen wird. Im Speziellen da kein Wort die Zugeh\u00f6rigkeit zur Minderheit oder die Vernichtung durch den Holocaust erw\u00e4hnt.<\/p>\n\n\n\n<p>Drittens ist es eine Verh\u00f6hnung von Django Reinhardt, sich seines musikalischen Stils zu bem\u00e4chtigen und ihn dann mit Astronauten in Verbindung zu setzen. Dieses hat einen klaren Geschmack von Antiziganismus, da hier die Sinti wieder ausgenutzt werden. Hier erkennbar durch Ignorieren des \u201eUnangenehmen\u201c, der \u201eSchuld\u201c und die Aneignung des Musikstils und dem Vorurteils des unterhaltsamen \u201eZigeuners\u201c und dem damit verbundenen Antiziganismus. <\/p>\n\n\n\n<p>Viertes: Der Gruppe \u201eDjangonauten\u201c ist dieses zu 100% klar, denn Sie nennen ihr Album \u201eGadjo unchained\u201c. \u201eGadjo\u201c ist das Wort, welches von Roma und Sinti f\u00fcr nicht Zugeh\u00f6rige zu der Volksgruppe verwendet wird. Der Beweis f\u00fcr die Aneignung wird von ihnen selbst geliefert. Dabei wird wieder unsensibel der Bogen zu Django Reinhardt geschwungen in dem mit dem Titel des Tarantino Filmes \u201eDjango unchained\u201c gespielt wird und damit wieder Django unterbewusst ins Ged\u00e4chtnis rufen will. <\/p>\n\n\n\n<p><strong>Wir fordern von allen f\u00fcr diese Veranstaltung Verantwortlichen, den Einsatz f\u00fcr die sofortige Streichung der Gruppe \u201eDjangonauten\u201c aus dem Programm und ein klarer Hinweis f\u00fcr die abendlichen Besucher auf die Begr\u00fcndung<\/strong>. Bei Bedarf k\u00f6nnen wir Ihnen gerne Sinti vermitteln, die diese L\u00fccke schlie\u00dfen. Wenn dies nicht uns gegen\u00fcber bis zum 19.08.2022 schriftlich, gerne auch per Email best\u00e4tigt wird, werden wir die angemeldete Kundgebung f\u00fcr den 20.8.22 um 19:30 Uhr  umsetzen. Wir werden Sie mit dem Vorwurf der kulturellen Aneignung und Holocaust Geschichte der Roma und Sinti beschallen. <\/p>\n\n\n\n<p>Ebenso haben wir bereits diesen Aufruf als eine Pressemitteilung auf dem Weg gebracht. Dar\u00fcber hinaus erwarten wir eine schriftliche Stellungnahme von allen, die mit dieser Veranstaltung in Verbindung gebracht werden. <\/p>\n\n\n\n<p><strong>Unterst\u00fctzer:<\/strong> Museum der Arbeit, Baugenossenschaft Dennerstra\u00dfe-Selbsthilfe eG, Freie und Hansestadt Hamburg Bezirksamt Hamburg-Nord, SAGA, Bert Kaempfert publishing Gmbh. <\/p>\n\n\n\n<p><strong>Partner und Beteiligte:<\/strong> Asklepios Klinik Barmbek, B\u00fccherhalle Barmbek, Christus-Gemeinde Barmbek-Nord, Deutsches Rotes Kreuz, Kreisverband Hamburg-Nordost e.V., Engel und V\u00f6lkers Hamburg Barmbek, Hamburger Puppentheater, Hamburger Sparkasse, IG Fuhle, INTEGRA Seniorenpflegezentrum, Junges Schauspielhaus, Kinderzahnarztpraxis Dr.Ghaussy &amp; Partner, L\u00fctt Liv, Museum der Arbeit, Polizei Hamburg, Sparkasse Holstein, Sprachbr\u00fccke-Hamburg e.V., Theaterdeck Hamburg, T.R.U.D.E. Restaurant Bar Caf\u00e9, Volkshochschule Hamburg Nord, Zinnschmelze. <\/p>\n\n\n\n<p>Ich verbleibe mit freundlichen Gr\u00fc\u00dfen <\/p>\n\n\n\n<p>Marko D. Knudsen Vorsitzender \u2013 Bildungsverein der Roma zu Hamburg e.V. <a href=\"https:\/\/ngo.romaedu.org\" data-type=\"URL\" data-id=\"https:\/\/ngo.romaedu.org\">www.RomaEdu.org<\/a> <\/p>\n\n\n\n<p>General Sekret\u00e4r \u2013 <a href=\"https:\/\/www.RomaNation.org\" data-type=\"URL\" data-id=\"https:\/\/www.RomaNation.org\">www.RomaNation.org<\/a> <\/p>\n\n\n\n<p>Gesch\u00e4ftsf\u00fchrer &#8211; Europ\u00e4isches Zentrum zu Antiziganismus \u2013 <a href=\"https:\/\/www.ezaf.org\" data-type=\"URL\" data-id=\"https:\/\/www.ezaf.org\">www.Antiziganismus.org<\/a> <\/p>\n\n\n\n<h2 class=\"wp-block-heading\">19. August 2022 &#8211; Romanes eingef\u00fcgt durch die International Standardisation Organisation (ISO)<\/h2>\n\n\n\n<p>Durch unsere schriftliche Anfrage wurdes Romanes (Romany) in die Liste der lebenden Makrosprachen eingef\u00fcgt wie auch Unterdialekte des Romanes. <\/p>\n\n\n\n<p>Ein wichtiger Schritt f\u00fcr mehr Sichtbarkeit der <a href=\"https:\/\/romanation.org\">RomaNation<\/a>.<\/p>\n\n\n\n<figure class=\"wp-block-image size-full\"><img decoding=\"async\" loading=\"lazy\" width=\"751\" height=\"437\" src=\"https:\/\/romanation.org\/wp-content\/uploads\/2022\/08\/Screenshot-2022-08-19-184915.png\" alt=\"\" class=\"wp-image-378\" srcset=\"https:\/\/romanation.org\/wp-content\/uploads\/2022\/08\/Screenshot-2022-08-19-184915.png 751w, https:\/\/romanation.org\/wp-content\/uploads\/2022\/08\/Screenshot-2022-08-19-184915-300x175.png 300w, https:\/\/romanation.org\/wp-content\/uploads\/2022\/08\/Screenshot-2022-08-19-184915-660x384.png 660w\" sizes=\"(max-width: 751px) 100vw, 751px\" \/><\/figure>\n\n\n\n<h2 class=\"wp-block-heading\">August Abgabe Notar und Zustellung an Wahlleiter in Hamburg, Deutschland und der EU. <\/h2>\n\n\n\n<p><strong>2023<\/strong><\/p>\n\n\n\n<p><strong>2024<\/strong><\/p>\n\n\n\n<p><strong>2025<\/strong><\/p>\n\n\n\n<p><strong>2026<\/strong><\/p>\n\n\n\n<p><strong>2027<\/strong><\/p>\n\n\n\n<p><strong>2028<\/strong><\/p>\n\n\n\n<p><strong>2029<\/strong><\/p>\n\n\n\n<p><strong>2030<\/strong><\/p>\n\n\n\n<p><strong>08. April 2030:<\/strong> <strong>Ende des Projektes RomaNation.org (eingetragener Verein NGO). Keine Gewaltenteilung und Online Demokratie etabliert bis 08. April 2030. Dann war es ein Guter Versuch. Wenn sich aber ein Nationen Gebilde, fu\u00dfend auf Online Demokratie und einem verantwortlichen Vertretungssystem auf Gewaltenteilung basierend gebildet hat, sind wir eine Nation die legitime Anspr\u00fcche erheben kann, f\u00fcr unsere Menschen.<\/strong><\/p>\n\n\n\n<p><\/p>\n","protected":false},"excerpt":{"rendered":"<p>2021 16. Mai 2021: Gr\u00fcndung des Vereins (NGO) &#8222;RomaNation e.V.&#8220; &#8211; Verein wird Physisch in Hamburg von sieben Menschen (Mehrheitlich Roma gegr\u00fcndet. Mit dem klaren Ziel der Aufl\u00f6sung des Vereins nach fast 10 Jahren zum 08. April 2030, gegr\u00fcndet). Entweder es gibt ab sp\u00e4testens 08. April 2030 ein repr\u00e4sentatives direktes Online Demokratie System oder nichts.\u2026 <span class=\"read-more\"><a href=\"https:\/\/romanation.org\/?page_id=11\">Weiterlesen &raquo;<\/a><\/span><\/p>\n","protected":false},"author":1,"featured_media":355,"parent":0,"menu_order":0,"comment_status":"closed","ping_status":"closed","template":"","meta":{"footnotes":""},"aioseo_notices":[],"_links":{"self":[{"href":"https:\/\/romanation.org\/index.php?rest_route=\/wp\/v2\/pages\/11"}],"collection":[{"href":"https:\/\/romanation.org\/index.php?rest_route=\/wp\/v2\/pages"}],"about":[{"href":"https:\/\/romanation.org\/index.php?rest_route=\/wp\/v2\/types\/page"}],"author":[{"embeddable":true,"href":"https:\/\/romanation.org\/index.php?rest_route=\/wp\/v2\/users\/1"}],"replies":[{"embeddable":true,"href":"https:\/\/romanation.org\/index.php?rest_route=%2Fwp%2Fv2%2Fcomments&post=11"}],"version-history":[{"count":19,"href":"https:\/\/romanation.org\/index.php?rest_route=\/wp\/v2\/pages\/11\/revisions"}],"predecessor-version":[{"id":380,"href":"https:\/\/romanation.org\/index.php?rest_route=\/wp\/v2\/pages\/11\/revisions\/380"}],"wp:featuredmedia":[{"embeddable":true,"href":"https:\/\/romanation.org\/index.php?rest_route=\/wp\/v2\/media\/355"}],"wp:attachment":[{"href":"https:\/\/romanation.org\/index.php?rest_route=%2Fwp%2Fv2%2Fmedia&parent=11"}],"curies":[{"name":"wp","href":"https:\/\/api.w.org\/{rel}","templated":true}]}}